{"id":2455,"date":"2025-02-01T00:54:44","date_gmt":"2025-01-31T23:54:44","guid":{"rendered":"https:\/\/fiskaltrust.eu\/home-es-es\/"},"modified":"2026-01-19T17:03:51","modified_gmt":"2026-01-19T16:03:51","slug":"home-es-es","status":"publish","type":"page","link":"https:\/\/fiskaltrust.eu\/es-es\/","title":{"rendered":"fisktaltrust inicio"},"content":{"rendered":"","protected":false},"excerpt":{"rendered":"","protected":false},"author":1,"featured_media":0,"parent":0,"menu_order":0,"comment_status":"closed","ping_status":"closed","template":"","meta":{"_acf_changed":false,"_seopress_robots_primary_cat":"","_seopress_titles_title":"Simplificar el cumplimiento de la fiscalidad para las empresas de toda Europa","_seopress_titles_desc":"fiskaltrust ofrece Compliance-as-a-Service a las empresas europeas. Nuestra integraci\u00f3n de TPV y middleware permite transacciones seguras, informes en tiempo real y cumplimiento fiscal. ","_seopress_robots_index":"","footnotes":""},"class_list":["post-2455","page","type-page","status-publish","hentry"],"acf":{"fhome_group_country_content_01":{"fhome_heading_country_content_01":"Conformidad","fhome_content_country_content_01":"Espa\u00f1a est\u00e1 atravesando nuevas normativas fiscales con TicketBAI, VeriFactu y requisitos regionales que definen c\u00f3mo se crean, firman y reportan los recibos. El stack de Compliance soporta estas obligaciones con firma de recibos, numeraci\u00f3n, pistas de auditor\u00eda, exportaci\u00f3n de datos y archivado a largo plazo. Los partners de integraci\u00f3n utilizan esta configuraci\u00f3n para alinear sus sistemas con las demandas nacionales y regionales.  ","fhome_image_country_content_01":6330},"fhome_group_country_content_2":{"fhome_heading_country_content_02":"Experiencia","fhome_content_country_content_02":"El stack de Experience a\u00f1ade recibos digitales, dise\u00f1os de recibos, captura de feedback, puntos de contacto con el cliente e integraciones de pago. Los comerciantes utilizan estas funcionalidades para gestionar el trabajo diario con menos esfuerzo y ofrecer a los clientes opciones de recibo claras. La combinaci\u00f3n proporciona una base s\u00f3lida para el cumplimiento normativo en Espa\u00f1a y una forma sencilla de mejorar la experiencia de checkout.  ","fhome_image_country_content_02":6331}},"wpml_current_locale":"es-es","wpml_translations":{"en-eu":{"id":115,"locale":"en-eu","post_title":"fisktaltrust home","permalink":"https:\/\/fiskaltrust.eu\/en-eu\/home-eu-en\/","status":"publish"},"fr-fr":{"id":2374,"locale":"fr-fr","post_title":"fisktaltrust home","permalink":"https:\/\/fiskaltrust.eu\/fr-fr\/home-fr-fr\/","status":"publish"},"es-es":{"id":2455,"locale":"es-es","post_title":"fisktaltrust inicio","permalink":"https:\/\/fiskaltrust.eu\/es-es\/","status":"publish"},"pt-pt":{"id":2479,"locale":"pt-pt","post_title":"fisktaltrust home","permalink":"https:\/\/fiskaltrust.eu\/pt-pt\/home-eu-en\/","status":"publish"},"it-it":{"id":2527,"locale":"it-it","post_title":"fisktaltrust home","permalink":"https:\/\/fiskaltrust.eu\/it-it\/home-it-it\/","status":"publish"},"de-de":{"id":3686,"locale":"de-de","post_title":"fisktaltrust home","permalink":"https:\/\/fiskaltrust.eu\/de-de\/home-eu-en\/","status":"publish"},"de-at":{"id":3696,"locale":"de-at","post_title":"fisktaltrust home","permalink":"https:\/\/fiskaltrust.eu\/de-at\/home-eu-en\/","status":"publish"},"en-at":{"id":7811,"locale":"en-at","post_title":"fisktaltrust home","permalink":"https:\/\/fiskaltrust.eu\/en-at\/home-eu-en\/","status":"publish"},"en-fr":{"id":7814,"locale":"en-fr","post_title":"fisktaltrust home","permalink":"https:\/\/fiskaltrust.eu\/en-fr\/home-eu-en\/","status":"publish"},"en-de":{"id":7817,"locale":"en-de","post_title":"fisktaltrust home","permalink":"https:\/\/fiskaltrust.eu\/en-de\/home-eu-en\/","status":"publish"},"en-it":{"id":7820,"locale":"en-it","post_title":"fisktaltrust home","permalink":"https:\/\/fiskaltrust.eu\/en-it\/home-eu-en\/","status":"publish"},"en-pt":{"id":7823,"locale":"en-pt","post_title":"fisktaltrust home","permalink":"https:\/\/fiskaltrust.eu\/en-pt\/home-eu-en\/","status":"publish"},"en-es":{"id":7826,"locale":"en-es","post_title":"fisktaltrust home","permalink":"https:\/\/fiskaltrust.eu\/en-es\/home-eu-en\/","status":"publish"},"da-dk":{"id":8496,"locale":"da-dk","post_title":"fisktaltrust home DK","permalink":"https:\/\/fiskaltrust.eu\/da-dk\/home-eu-en-2\/","status":"publish"},"pl-pl":{"id":8643,"locale":"pl-pl","post_title":"fisktaltrust home","permalink":"https:\/\/fiskaltrust.eu\/pl-pl\/home-eu-en-2\/","status":"publish"},"en-be":{"id":9572,"locale":"en-be","post_title":"fisktaltrust home","permalink":"https:\/\/fiskaltrust.eu\/en-be\/home-eu-en-2\/","status":"publish"},"fr-be":{"id":9585,"locale":"fr-be","post_title":"fisktaltrust home","permalink":"https:\/\/fiskaltrust.eu\/fr-be\/home-eu-en-2\/","status":"publish"},"en-gr":{"id":9592,"locale":"en-gr","post_title":"fisktaltrust home","permalink":"https:\/\/fiskaltrust.eu\/en-gr\/home-eu-en-2\/","status":"publish"},"el-gr":{"id":9620,"locale":"el-gr","post_title":"fisktaltrust home","permalink":"https:\/\/fiskaltrust.eu\/el-gr\/home-eu-en-2\/","status":"publish"}},"wpml_trid":"144","_links":{"self":[{"href":"https:\/\/fiskaltrust.eu\/es-es\/wp-json\/wp\/v2\/pages\/2455","targetHints":{"allow":["GET"]}}],"collection":[{"href":"https:\/\/fiskaltrust.eu\/es-es\/wp-json\/wp\/v2\/pages"}],"about":[{"href":"https:\/\/fiskaltrust.eu\/es-es\/wp-json\/wp\/v2\/types\/page"}],"author":[{"embeddable":true,"href":"https:\/\/fiskaltrust.eu\/es-es\/wp-json\/wp\/v2\/users\/1"}],"replies":[{"embeddable":true,"href":"https:\/\/fiskaltrust.eu\/es-es\/wp-json\/wp\/v2\/comments?post=2455"}],"version-history":[{"count":1,"href":"https:\/\/fiskaltrust.eu\/es-es\/wp-json\/wp\/v2\/pages\/2455\/revisions"}],"predecessor-version":[{"id":7786,"href":"https:\/\/fiskaltrust.eu\/es-es\/wp-json\/wp\/v2\/pages\/2455\/revisions\/7786"}],"wp:attachment":[{"href":"https:\/\/fiskaltrust.eu\/es-es\/wp-json\/wp\/v2\/media?parent=2455"}],"curies":[{"name":"wp","href":"https:\/\/api.w.org\/{rel}","templated":true}]}}