{"id":3668,"date":"2025-02-01T01:10:09","date_gmt":"2025-02-01T00:10:09","guid":{"rendered":"https:\/\/fiskaltrust.eu\/partner\/"},"modified":"2026-03-20T23:53:11","modified_gmt":"2026-03-20T22:53:11","slug":"partner","status":"publish","type":"page","link":"https:\/\/fiskaltrust.eu\/es-es\/partner\/","title":{"rendered":"Socio"},"content":{"rendered":"","protected":false},"excerpt":{"rendered":"","protected":false},"author":1,"featured_media":0,"parent":0,"menu_order":0,"comment_status":"closed","ping_status":"closed","template":"","meta":{"_acf_changed":false,"_seopress_robots_primary_cat":"","_seopress_titles_title":"Asociaci\u00f3n para soluciones europeas de cumplimiento fiscal","_seopress_titles_desc":"fiskaltrust colabora con distribuidores de TPV, integradores de sistemas y proveedores de soluciones de toda Europa. Accede a recursos para socios, herramientas de integraci\u00f3n y oportunidades comerciales. ","_seopress_robots_index":"","footnotes":""},"class_list":["post-3668","page","type-page","status-publish","hentry"],"acf":{"f_p_partner_hero_section":{"f_p_partner_main_title":"C\u00f3mo fiskaltrust apoya a los partners en Espa\u00f1a","f_p_partner_intro_text":"Espa\u00f1a introduce nuevas obligaciones a trav\u00e9s de VeriFactu, TicketBAI y la facturaci\u00f3n electr\u00f3nica B2B bajo la ley Crea y Crece, junto con las obligaciones continuas de reporte SII a la AEAT y las autoridades regionales. fiskaltrust ofrece una capa de middleware y una API de c\u00f3digo abierto que elimina la complejidad fiscal. Nos encargamos de las tareas de reporte, reducimos el riesgo legal y ofrecemos a los partners una integraci\u00f3n para m\u00faltiples mercados. "},"f_p_partner_approach_section":{"f_p_partner_approach_image":2681,"f_p_partner_approach_heading":"Nuestro enfoque de la fiscalizaci\u00f3n espa\u00f1ola es sencillo.","f_p_partner_approach_content":"Mapeamos las reglas locales a una configuraci\u00f3n escalable. Nuestro Middleware firma, sella y archiva tickets seg\u00fan las leyes de cada pa\u00eds y soporta Espa\u00f1a, Portugal, Austria, Alemania, Italia, Francia y muchos otros mercados. \n\nEsto reduce la complejidad para usted. Ofrece a los clientes una soluci\u00f3n escalable y a prueba de auditor\u00edas que se adapta a las normativas locales sin reconstruir su configuraci\u00f3n para cada mercado. "},"f_p_partner_features_section":{"f_p_partner_feature_1":{"f_p_partner_feature_1_icon":6707,"f_p_partner_feature_1_heading":"Arquitectura Middleware Paneuropea","f_p_partner_feature_1_points":"<ul>\n \t<li>Funciona tanto con unidades de creaci\u00f3n de firma basadas en hardware como en la nube.<\/li>\n \t<li>Configuraci\u00f3n y monitorizaci\u00f3n centralizada a trav\u00e9s de fiskaltrust.Portal.<\/li>\n \t<li>Cubre las reglas fiscales en Espa\u00f1a, Portugal, Austria, Alemania, Italia, Francia, Polonia, Grecia y m\u00e1s.<\/li>\n \t<li>Soporte integrado para creaci\u00f3n de tickets, journaling, firma, entrega y exportaci\u00f3n de datos.<\/li>\n<\/ul>"},"f_p_partner_feature_2":{"f_p_partner_feature_2_icon":6705,"f_p_partner_feature_2_heading":"Actualizaciones de Compliance Autom\u00e1ticas","f_p_partner_feature_2_points":"<ul>\n \t<li>Rastreamos los cambios en las reglas fiscales a trav\u00e9s de grupos de trabajo del sector y autoridades locales como la AEAT y las haciendas regionales.<\/li>\n \t<li>Las actualizaciones del middleware se despliegan de forma centralizada, reduciendo el mantenimiento para los partners.<\/li>\n \t<li>Las actualizaciones legales no requieren cambios en el c\u00f3digo del POS.<\/li>\n<\/ul>"},"f_p_partner_feature_3":{"f_p_partner_feature_3_icon":6706,"f_p_partner_feature_3_heading":"Integraci\u00f3n Flexible","f_p_partner_feature_3_points":"<ul>\n \t<li>APIs REST y gRPC para despliegues locales y en la nube.<\/li>\n \t<li>Launcher multiplataforma para Windows, Linux, MacOS, Android.<\/li>\n \t<li>F\u00e1cil integraci\u00f3n con sistemas ERP, POS m\u00f3viles, terminales de pago y aplicaciones de terceros.<\/li>\n<\/ul>"}},"f_p_partner_benefits_section":{"f_p_partner_benefits_heading":"Beneficios para Partners Comerciales y Distribuidores POS","f_p_partner_benefits_list":"<ul>\n \t<li>Soporta VeriFactu, TicketBAI, reporte SII y la pr\u00f3xima facturaci\u00f3n electr\u00f3nica B2B bajo la ley Crea y Crece, junto con soluciones certificadas en varios mercados de la UE mientras reduce el trabajo de integraci\u00f3n.<\/li>\n \t<li>Ofrece una configuraci\u00f3n escalable para negocios con m\u00faltiples ubicaciones.<\/li>\n \t<li>Proporciona actualizaciones de compliance sin cambios en el software POS.<\/li>\n \t<li>Reduce el esfuerzo de soporte a trav\u00e9s de procesos fiscales automatizados.<\/li>\n \t<li>Ofrece planes freemium, bundle y enterprise con arquitectura consistente.<\/li>\n \t<li>Nuestro Portal genera informes alineados con los requisitos espa\u00f1oles, incluyendo formatos aceptados por la AEAT.<\/li>\n<\/ul>","f_p_partner_benefits_image":6704}},"wpml_current_locale":"es-es","wpml_translations":{"en-eu":{"id":166,"locale":"en-eu","post_title":"Partner","permalink":"https:\/\/fiskaltrust.eu\/en-eu\/partner\/","status":"publish"},"it-it":{"id":3666,"locale":"it-it","post_title":"Partner","permalink":"https:\/\/fiskaltrust.eu\/it-it\/partner\/","status":"publish"},"pt-pt":{"id":3667,"locale":"pt-pt","post_title":"Parceiro","permalink":"https:\/\/fiskaltrust.eu\/pt-pt\/partner\/","status":"publish"},"es-es":{"id":3668,"locale":"es-es","post_title":"Socio","permalink":"https:\/\/fiskaltrust.eu\/es-es\/partner\/","status":"publish"},"de-de":{"id":3746,"locale":"de-de","post_title":"Partner","permalink":"https:\/\/fiskaltrust.eu\/de-de\/partner\/","status":"publish"},"de-at":{"id":3758,"locale":"de-at","post_title":"Partner","permalink":"https:\/\/fiskaltrust.eu\/de-at\/partner\/","status":"publish"},"fr-fr":{"id":7754,"locale":"fr-fr","post_title":"Partenaire","permalink":"https:\/\/fiskaltrust.eu\/fr-fr\/partner\/","status":"publish"},"en-at":{"id":7830,"locale":"en-at","post_title":"Partner","permalink":"https:\/\/fiskaltrust.eu\/en-at\/partner\/","status":"publish"},"en-fr":{"id":7863,"locale":"en-fr","post_title":"Partner","permalink":"https:\/\/fiskaltrust.eu\/en-fr\/partner\/","status":"publish"},"en-de":{"id":7838,"locale":"en-de","post_title":"Partner","permalink":"https:\/\/fiskaltrust.eu\/en-de\/partner\/","status":"publish"},"en-it":{"id":7844,"locale":"en-it","post_title":"Partner","permalink":"https:\/\/fiskaltrust.eu\/en-it\/partner\/","status":"publish"},"en-es":{"id":7850,"locale":"en-es","post_title":"Partner","permalink":"https:\/\/fiskaltrust.eu\/en-es\/partner\/","status":"publish"},"en-pt":{"id":7857,"locale":"en-pt","post_title":"Partner","permalink":"https:\/\/fiskaltrust.eu\/en-pt\/partner\/","status":"publish"},"da-dk":{"id":8796,"locale":"da-dk","post_title":"Partner","permalink":"https:\/\/fiskaltrust.eu\/da-dk\/partner\/","status":"publish"},"pl-pl":{"id":8795,"locale":"pl-pl","post_title":"Partner","permalink":"https:\/\/fiskaltrust.eu\/pl-pl\/partner\/","status":"publish"},"en-be":{"id":9578,"locale":"en-be","post_title":"Partner","permalink":"https:\/\/fiskaltrust.eu\/en-be\/partner\/","status":"publish"},"fr-be":{"id":9588,"locale":"fr-be","post_title":"Partenaire","permalink":"https:\/\/fiskaltrust.eu\/fr-be\/partner\/","status":"publish"},"en-gr":{"id":9598,"locale":"en-gr","post_title":"Partner","permalink":"https:\/\/fiskaltrust.eu\/en-gr\/partner\/","status":"publish"},"el-gr":{"id":9622,"locale":"el-gr","post_title":"\u03a3\u03c5\u03bd\u03b5\u03c1\u03b3\u03ac\u03c4\u03b7\u03c2","permalink":"https:\/\/fiskaltrust.eu\/el-gr\/partner\/","status":"publish"}},"wpml_trid":"157","_links":{"self":[{"href":"https:\/\/fiskaltrust.eu\/es-es\/wp-json\/wp\/v2\/pages\/3668","targetHints":{"allow":["GET"]}}],"collection":[{"href":"https:\/\/fiskaltrust.eu\/es-es\/wp-json\/wp\/v2\/pages"}],"about":[{"href":"https:\/\/fiskaltrust.eu\/es-es\/wp-json\/wp\/v2\/types\/page"}],"author":[{"embeddable":true,"href":"https:\/\/fiskaltrust.eu\/es-es\/wp-json\/wp\/v2\/users\/1"}],"replies":[{"embeddable":true,"href":"https:\/\/fiskaltrust.eu\/es-es\/wp-json\/wp\/v2\/comments?post=3668"}],"version-history":[{"count":1,"href":"https:\/\/fiskaltrust.eu\/es-es\/wp-json\/wp\/v2\/pages\/3668\/revisions"}],"predecessor-version":[{"id":7855,"href":"https:\/\/fiskaltrust.eu\/es-es\/wp-json\/wp\/v2\/pages\/3668\/revisions\/7855"}],"wp:attachment":[{"href":"https:\/\/fiskaltrust.eu\/es-es\/wp-json\/wp\/v2\/media?parent=3668"}],"curies":[{"name":"wp","href":"https:\/\/api.w.org\/{rel}","templated":true}]}}