{"id":8855,"date":"2025-02-01T01:09:54","date_gmt":"2025-02-01T00:09:54","guid":{"rendered":"https:\/\/fiskaltrust.eu\/merchant-2\/"},"modified":"2026-03-20T23:13:25","modified_gmt":"2026-03-20T22:13:25","slug":"merchant","status":"publish","type":"page","link":"https:\/\/fiskaltrust.eu\/fr-be\/merchant\/","title":{"rendered":"Marchand"},"content":{"rendered":"","protected":false},"excerpt":{"rendered":"","protected":false},"author":1,"featured_media":8859,"parent":0,"menu_order":0,"comment_status":"closed","ping_status":"closed","template":"","meta":{"_acf_changed":false,"_seopress_robots_primary_cat":"","_seopress_titles_title":"Rationalisation de la conformit\u00e9 fiscale pour les commer\u00e7ants europ\u00e9ens","_seopress_titles_desc":"fiskaltrust fournit des solutions de conformit\u00e9 fiscale pour les commer\u00e7ants europ\u00e9ens. Notre int\u00e9gration des points de vente et nos logiciels interm\u00e9diaires permettent des transactions s\u00e9curis\u00e9es, des rapports en temps r\u00e9el et la conformit\u00e9 fiscale. ","_seopress_robots_index":"","footnotes":""},"class_list":["post-8855","page","type-page","status-publish","has-post-thumbnail","hentry"],"acf":{"f_me_content_section":[{"f_me_content_section_title":"Exp\u00e9rience","f_me_content_image":8857,"f_me_merchant_content_icon":8856,"f_me_merchant_content_1":"fiskaltrust offre aux commer\u00e7ants un moyen fiable de rester en conformit\u00e9, de g\u00e9rer les re\u00e7us et d'offrir des exp\u00e9riences de caisse modernes. Vous pouvez utiliser votre syst\u00e8me de point de vente existant et l'\u00e9tendre \u00e0 d'autres pays sans changer de logiciel, de contrat ou de configuration mat\u00e9rielle. ","f_me_merchant_content_2":"Au lieu de remettre un re\u00e7u papier et de mettre fin \u00e0 la vente, vous donnez le choix aux clients. Ils peuvent recevoir leur re\u00e7u par code QR, par courriel, par SMS ou par WhatsApp. De l\u00e0, ils peuvent donner leur avis, s'inscrire \u00e0 un programme de fid\u00e9lisation ou revenir plus tard pour renvoyer un produit.  ","f_me_merchant_content_list_heading":"Caract\u00e9ristiques de l'exp\u00e9rience client","f_me_merchant_content_list":"<ul>\n \t<li>Outils de retour d'information et de fid\u00e9lisation int\u00e9gr\u00e9s dans la remise des re\u00e7us<\/li>\n \t<li>Liens vers les re\u00e7us num\u00e9riques sur les pr\u00e9sentoirs destin\u00e9s aux clients<\/li>\n \t<li>Format papier optionnel pour les clients qui le pr\u00e9f\u00e8rent<\/li>\n \t<li>Flux personnalisables pour les kiosques, les tablettes et les caisses mobiles<\/li>\n<\/ul>","f_me_merchant_content_cta_text":"fiskaltrust vous aide \u00e0 transformer le passage en caisse en un moyen d'\u00e9tablir des relations avec vos clients.  ","f_me_merchant_content_button_text":"Exp\u00e9rience","f_me_merchant_content_link":210},{"f_me_content_section_title":"Conformit\u00e9","f_me_content_image":8786,"f_me_merchant_content_icon":8856,"f_me_merchant_content_1":"Le logiciel fonctionne en arri\u00e8re-plan et se charge de signer chaque transaction, de sauvegarder les donn\u00e9es et de les pr\u00e9parer au cas o\u00f9 quelqu'un les v\u00e9rifierait.","f_me_merchant_content_2":"En cas d'audit, les donn\u00e9es sont d\u00e9j\u00e0 l\u00e0. Vous pouvez vous concentrer sur la vente pendant que le syst\u00e8me s'occupe du reste. Votre point de vente reste ainsi conforme sans effort suppl\u00e9mentaire.  \n\nAvec fiskaltrust, vous restez toujours pr\u00eat pour l'audit. Vous n'avez pas besoin de solutions d'urgence ou de solutions de contournement personnalis\u00e9es. ","f_me_merchant_content_list_heading":"Principaux avantages en mati\u00e8re de conformit\u00e9","f_me_merchant_content_list":"<ul>\n \t<li>Journal quotidien et fonctions de rapport<\/li>\n \t<li>Option d'archivage de 10 ans (en fonction du pays)<\/li>\n \t<li>Formats d'exportation pour les autorit\u00e9s fiscales locales<\/li>\n \t<li>Modules certifi\u00e9s pour AT, DE, FR, IT, ES, PT, GR et d'autres \u00e0 venir<\/li>\n<\/ul>","f_me_merchant_content_cta_text":"Chaque pays a ses propres r\u00e8gles fiscales. fiskaltrust vous aide \u00e0 les respecter sans avoir \u00e0 modifier votre syst\u00e8me ou \u00e0 faire du travail suppl\u00e9mentaire.   ","f_me_merchant_content_button_text":"Conformit\u00e9","f_me_merchant_content_link":206},{"f_me_content_section_title":"Solution","f_me_content_image":8858,"f_me_merchant_content_icon":8856,"f_me_merchant_content_1":"fiskaltrust vous offre un syst\u00e8me unique qui relie votre point de vente \u00e0 tout ce qui est n\u00e9cessaire \u00e0 la conformit\u00e9 fiscale, aux re\u00e7us num\u00e9riques et \u00e0 la pr\u00e9paration des audits.","f_me_merchant_content_2":"L'intergiciel fonctionne en arri\u00e8re-plan et se charge de signer les transactions, de stocker les donn\u00e9es et de cr\u00e9er des rapports. Vous pouvez commencer avec la version libre et gratuite et ajouter des fonctions suppl\u00e9mentaires si n\u00e9cessaire. Le m\u00eame syst\u00e8me fonctionne dans plusieurs pays europ\u00e9ens.  ","f_me_merchant_content_list_heading":"Les avantages de notre solution","f_me_merchant_content_list":"<ul>\n \t<li>Conformit\u00e9 de la fiscalit\u00e9 dans les pays de l'UE b\u00e9n\u00e9ficiant d'un soutien<\/li>\n \t<li>Re\u00e7us num\u00e9riques et papier \u00e0 partir d'un seul syst\u00e8me<\/li>\n \t<li>API qui se connectent \u00e0 votre ERP ou PSP<\/li>\n \t<li>Options d'h\u00e9bergement local ou en nuage<\/li>\n<\/ul>","f_me_merchant_content_cta_text":"fiskaltrust vous aide \u00e0 rester conforme, moderne et pr\u00eat pour l'avenir. Nous soutenons les commer\u00e7ants dans de nombreux pays avec des outils ouverts, un service fiable et des prix transparents. \n","f_me_merchant_content_button_text":"Solutions","f_me_merchant_content_link":214}]},"wpml_current_locale":"fr-be","wpml_translations":{"en-eu":{"id":162,"locale":"en-eu","post_title":"Merchant","permalink":"https:\/\/fiskaltrust.eu\/en-eu\/merchant\/","status":"publish"},"fr-fr":{"id":2451,"locale":"fr-fr","post_title":"Marchand","permalink":"https:\/\/fiskaltrust.eu\/fr-fr\/merchant\/","status":"publish"},"es-es":{"id":2531,"locale":"es-es","post_title":"Comerciante","permalink":"https:\/\/fiskaltrust.eu\/es-es\/merchant\/","status":"publish"},"it-it":{"id":2549,"locale":"it-it","post_title":"Commerciante","permalink":"https:\/\/fiskaltrust.eu\/it-it\/merchant\/","status":"publish"},"pt-pt":{"id":2551,"locale":"pt-pt","post_title":"Comerciante","permalink":"https:\/\/fiskaltrust.eu\/pt-pt\/merchant\/","status":"publish"},"de-de":{"id":3690,"locale":"de-de","post_title":"H\u00e4ndler","permalink":"https:\/\/fiskaltrust.eu\/de-de\/merchant\/","status":"publish"},"de-at":{"id":3709,"locale":"de-at","post_title":"H\u00e4ndler","permalink":"https:\/\/fiskaltrust.eu\/de-at\/merchant\/","status":"publish"},"en-at":{"id":8401,"locale":"en-at","post_title":"Merchant","permalink":"https:\/\/fiskaltrust.eu\/en-at\/merchant\/","status":"publish"},"fr-be":{"id":8855,"locale":"fr-be","post_title":"Marchand","permalink":"https:\/\/fiskaltrust.eu\/fr-be\/merchant\/","status":"publish"},"da-dk":{"id":8878,"locale":"da-dk","post_title":"K\u00f8bmand","permalink":"https:\/\/fiskaltrust.eu\/da-dk\/merchant\/","status":"publish"},"el-gr":{"id":8884,"locale":"el-gr","post_title":"\u0388\u03bc\u03c0\u03bf\u03c1\u03bf\u03c2","permalink":"https:\/\/fiskaltrust.eu\/el-gr\/merchant\/","status":"publish"},"pl-pl":{"id":8861,"locale":"pl-pl","post_title":"Handlowiec","permalink":"https:\/\/fiskaltrust.eu\/pl-pl\/merchant-2\/","status":"publish"}},"wpml_trid":"156","_links":{"self":[{"href":"https:\/\/fiskaltrust.eu\/fr-be\/wp-json\/wp\/v2\/pages\/8855","targetHints":{"allow":["GET"]}}],"collection":[{"href":"https:\/\/fiskaltrust.eu\/fr-be\/wp-json\/wp\/v2\/pages"}],"about":[{"href":"https:\/\/fiskaltrust.eu\/fr-be\/wp-json\/wp\/v2\/types\/page"}],"author":[{"embeddable":true,"href":"https:\/\/fiskaltrust.eu\/fr-be\/wp-json\/wp\/v2\/users\/1"}],"replies":[{"embeddable":true,"href":"https:\/\/fiskaltrust.eu\/fr-be\/wp-json\/wp\/v2\/comments?post=8855"}],"version-history":[{"count":1,"href":"https:\/\/fiskaltrust.eu\/fr-be\/wp-json\/wp\/v2\/pages\/8855\/revisions"}],"predecessor-version":[{"id":8860,"href":"https:\/\/fiskaltrust.eu\/fr-be\/wp-json\/wp\/v2\/pages\/8855\/revisions\/8860"}],"wp:featuredmedia":[{"embeddable":true,"href":"https:\/\/fiskaltrust.eu\/fr-be\/wp-json\/wp\/v2\/media\/8859"}],"wp:attachment":[{"href":"https:\/\/fiskaltrust.eu\/fr-be\/wp-json\/wp\/v2\/media?parent=8855"}],"curies":[{"name":"wp","href":"https:\/\/api.w.org\/{rel}","templated":true}]}}