{"id":9568,"date":"2025-02-01T01:09:19","date_gmt":"2025-02-01T00:09:19","guid":{"rendered":"https:\/\/fiskaltrust.eu\/developpeur\/"},"modified":"2026-04-13T18:04:48","modified_gmt":"2026-04-13T17:04:48","slug":"developer","status":"publish","type":"page","link":"https:\/\/fiskaltrust.eu\/fr-be\/developer\/","title":{"rendered":"D\u00e9veloppeur"},"content":{"rendered":"","protected":false},"excerpt":{"rendered":"","protected":false},"author":1,"featured_media":0,"parent":0,"menu_order":0,"comment_status":"closed","ping_status":"closed","template":"","meta":{"_acf_changed":false,"_seopress_robots_primary_cat":"","_seopress_titles_title":"Permettre aux d\u00e9veloppeurs d'utiliser des API ouvertes de conformit\u00e9 fiscale","_seopress_titles_desc":"fiskaltrust propose des API de conformit\u00e9 fiscale et des outils de d\u00e9veloppement pour les march\u00e9s europ\u00e9ens. Int\u00e9grez des syst\u00e8mes de points de vente, acc\u00e9dez \u00e0 des solutions open-source & cr\u00e9ez des applications conformes. ","_seopress_robots_index":"","footnotes":""},"class_list":["post-9568","page","type-page","status-publish","hentry"],"acf":{"fdc_section_visibility":["top_section","middle_section","three_groups"],"fdc_top_section":{"fdc_main_title":"Les solutions de fiskaltrust pour la Belgique","fdc_intro_text":"La Belgique exige que les syst\u00e8mes de point de vente soient conformes aux r\u00e8gles fiscales d\u00e9finies par le Service public f\u00e9d\u00e9ral Finances (SPF Finances). Les commer\u00e7ants du secteur de l'h\u00f4tellerie et de la restauration doivent utiliser des syst\u00e8mes certifi\u00e9s qui s\u00e9curisent les donn\u00e9es de vente et relient chaque transaction \u00e0 un dispositif fiscal. Le syst\u00e8me est connu sous le nom de SCE ou FDM, \u00e9galement appel\u00e9 bo\u00eete noire. Il garantit la cr\u00e9ation d'enregistrements tra\u00e7ables qui soutiennent les contr\u00f4les fiscaux et prot\u00e8gent l'int\u00e9grit\u00e9 des donn\u00e9es.   ","fdc_hero_image":8841,"fdc_challenges_heading":"Exigences cl\u00e9s en Belgique","fdc_challenges_list":"<ul>\n \t<li>Obligation d'enregistrement individuel. Chaque transaction doit \u00eatre enregistr\u00e9e et reli\u00e9e \u00e0 l'appareil fiscal certifi\u00e9. <\/li>\n \t<li>Obligation de d\u00e9livrance d'un re\u00e7u. Un r\u00e9c\u00e9piss\u00e9 enregistr\u00e9 doit \u00eatre fourni avec tous les \u00e9l\u00e9ments l\u00e9galement requis. <\/li>\n \t<li>Obligation d'utiliser un appareil certifi\u00e9. Les commer\u00e7ants du secteur de l'h\u00f4tellerie et de la restauration doivent utiliser un syst\u00e8me de point de vente certifi\u00e9 avec un FDM ou un SCE approuv\u00e9. <\/li>\n \t<li>Stockage s\u00e9curis\u00e9. Les donn\u00e9es fiscales doivent \u00eatre stock\u00e9es de mani\u00e8re inviolable et \u00eatre disponibles \u00e0 des fins d'audit. <\/li>\n<\/ul>"},"fdc_middle_section":{"fdc_benefits_side":{"fdc_benefits_heading":"Principaux avantages pour les d\u00e9veloppeurs","fdc_benefits_list":"<ul>\n \t<li>API standardis\u00e9e pour une int\u00e9gration claire et pr\u00e9visible.<\/li>\n \t<li>Prise en charge des dispositifs fiscaux belges certifi\u00e9s sans blocage du fournisseur.<\/li>\n \t<li>Conformit\u00e9 stable avec les r\u00e8gles SCE et FDM sans modification de la logique du point de vente.<\/li>\n \t<li>Mises \u00e0 jour automatiques en fonction des nouvelles r\u00e8gles de SPF Finances.<\/li>\n<\/ul>"},"fdc_developer_image_side":{"fdc_developer_image":8585}},"fdc_three_groups_section":{"fdc_group_1":{"fdc_group_1_heading":"Int\u00e9gration avec l'API Middleware de fiskaltrust","fdc_group_1_icon":8793,"fdc_group_1_main_text":"Les d\u00e9veloppeurs int\u00e8grent une API qui g\u00e8re la signature, l'interaction avec le dispositif fiscal et la cr\u00e9ation des re\u00e7us. Il n'est donc plus n\u00e9cessaire de cr\u00e9er une logique personnalis\u00e9e pour chaque type de mat\u00e9riel certifi\u00e9. ","fdc_group_1_details":"<ul>\n \t<li>Les d\u00e9ploiements locaux et en nuage sont pris en charge.<\/li>\n \t<li>Plusieurs mod\u00e8les FDM et SCE sont g\u00e9r\u00e9s par une seule int\u00e9gration.<\/li>\n \t<li>Le logiciel interm\u00e9diaire aligne les transactions POS sur le format d'enregistrement fiscal belge.<\/li>\n<\/ul>"},"fdc_group_2":{"fdc_group_2_heading":"Automatisation de la conformit\u00e9","fdc_group_2_icon":8791,"fdc_group_2_main_text":"Le logiciel interm\u00e9diaire valide les donn\u00e9es, applique les r\u00e8gles fiscales belges et cr\u00e9e des re\u00e7us avec tous les champs requis, y compris les informations relatives \u00e0 la TVA, les signatures et les identifiants.","fdc_group_2_details":"<ul>\n \t<li>Les donn\u00e9es fiscales sont stock\u00e9es de mani\u00e8re \u00e0 pouvoir \u00eatre contr\u00f4l\u00e9es par SPF Finances.<\/li>\n<\/ul>"},"fdc_group_3":{"fdc_group_3_heading":"Conformit\u00e9 permanente \u00e0 l'\u00e9chelle de l'UE","fdc_group_3_icon":8792,"fdc_group_3_main_text":"fiskaltrust surveille les mises \u00e0 jour de SPF Finances et met en \u0153uvre les changements dans l'intergiciel afin que les d\u00e9veloppeurs n'aient pas \u00e0 modifier leurs syst\u00e8mes de point de vente.","fdc_group_3_details":"<ul>\n \t<li>La prise en charge de nouveaux types d'appareils est ajout\u00e9e si n\u00e9cessaire.<\/li>\n \t<li>Les mises \u00e0 jour sont effectu\u00e9es de mani\u00e8re centralis\u00e9e, avec un minimum de perturbations pour les commer\u00e7ants.<\/li>\n \t<li>Les syst\u00e8mes restent conformes aux changements r\u00e9glementaires.<\/li>\n<\/ul>"}}},"wpml_current_locale":"fr-be","wpml_translations":{"en-eu":{"id":150,"locale":"en-eu","post_title":"Developer","permalink":"https:\/\/fiskaltrust.eu\/en-eu\/developer\/","status":"publish"},"fr-fr":{"id":3669,"locale":"fr-fr","post_title":"D\u00e9veloppeur","permalink":"https:\/\/fiskaltrust.eu\/fr-fr\/developer\/","status":"publish"},"it-it":{"id":3670,"locale":"it-it","post_title":"Sviluppatore","permalink":"https:\/\/fiskaltrust.eu\/it-it\/developer\/","status":"publish"},"pt-pt":{"id":3671,"locale":"pt-pt","post_title":"Programador","permalink":"https:\/\/fiskaltrust.eu\/pt-pt\/developer\/","status":"publish"},"es-es":{"id":3672,"locale":"es-es","post_title":"Desarrollador","permalink":"https:\/\/fiskaltrust.eu\/es-es\/developer\/","status":"publish"},"de-de":{"id":3718,"locale":"de-de","post_title":"Entwickler","permalink":"https:\/\/fiskaltrust.eu\/de-de\/developer\/","status":"publish"},"de-at":{"id":3749,"locale":"de-at","post_title":"Entwickler","permalink":"https:\/\/fiskaltrust.eu\/de-at\/developer\/","status":"publish"},"en-at":{"id":7876,"locale":"en-at","post_title":"Developer","permalink":"https:\/\/fiskaltrust.eu\/en-at\/developer\/","status":"publish"},"en-fr":{"id":7883,"locale":"en-fr","post_title":"Developer","permalink":"https:\/\/fiskaltrust.eu\/en-fr\/developer\/","status":"publish"},"en-de":{"id":7890,"locale":"en-de","post_title":"Developer","permalink":"https:\/\/fiskaltrust.eu\/en-de\/developer\/","status":"publish"},"en-it":{"id":7897,"locale":"en-it","post_title":"Developer","permalink":"https:\/\/fiskaltrust.eu\/en-it\/developer\/","status":"publish"},"en-pt":{"id":7904,"locale":"en-pt","post_title":"Developer","permalink":"https:\/\/fiskaltrust.eu\/en-pt\/developer\/","status":"publish"},"en-es":{"id":7911,"locale":"en-es","post_title":"Developer","permalink":"https:\/\/fiskaltrust.eu\/en-es\/developer\/","status":"publish"},"da-dk":{"id":8839,"locale":"da-dk","post_title":"Udvikler","permalink":"https:\/\/fiskaltrust.eu\/da-dk\/developer\/","status":"publish"},"pl-pl":{"id":8890,"locale":"pl-pl","post_title":"Deweloper","permalink":"https:\/\/fiskaltrust.eu\/pl-pl\/developer-2\/","status":"publish"},"en-be":{"id":9549,"locale":"en-be","post_title":"Developer","permalink":"https:\/\/fiskaltrust.eu\/en-be\/developer\/","status":"publish"},"fr-be":{"id":9568,"locale":"fr-be","post_title":"D\u00e9veloppeur","permalink":"https:\/\/fiskaltrust.eu\/fr-be\/developer\/","status":"publish"},"en-gr":{"id":9607,"locale":"en-gr","post_title":"Developer","permalink":"https:\/\/fiskaltrust.eu\/en-gr\/developer\/","status":"publish"},"el-gr":{"id":9623,"locale":"el-gr","post_title":"\u03a0\u03c1\u03bf\u03b3\u03c1\u03b1\u03bc\u03bc\u03b1\u03c4\u03b9\u03c3\u03c4\u03ae\u03c2","permalink":"https:\/\/fiskaltrust.eu\/el-gr\/developer\/","status":"publish"}},"wpml_trid":"153","_links":{"self":[{"href":"https:\/\/fiskaltrust.eu\/fr-be\/wp-json\/wp\/v2\/pages\/9568","targetHints":{"allow":["GET"]}}],"collection":[{"href":"https:\/\/fiskaltrust.eu\/fr-be\/wp-json\/wp\/v2\/pages"}],"about":[{"href":"https:\/\/fiskaltrust.eu\/fr-be\/wp-json\/wp\/v2\/types\/page"}],"author":[{"embeddable":true,"href":"https:\/\/fiskaltrust.eu\/fr-be\/wp-json\/wp\/v2\/users\/1"}],"replies":[{"embeddable":true,"href":"https:\/\/fiskaltrust.eu\/fr-be\/wp-json\/wp\/v2\/comments?post=9568"}],"version-history":[{"count":1,"href":"https:\/\/fiskaltrust.eu\/fr-be\/wp-json\/wp\/v2\/pages\/9568\/revisions"}],"predecessor-version":[{"id":9569,"href":"https:\/\/fiskaltrust.eu\/fr-be\/wp-json\/wp\/v2\/pages\/9568\/revisions\/9569"}],"wp:attachment":[{"href":"https:\/\/fiskaltrust.eu\/fr-be\/wp-json\/wp\/v2\/media?parent=9568"}],"curies":[{"name":"wp","href":"https:\/\/api.w.org\/{rel}","templated":true}]}}