{"id":9588,"date":"2025-02-01T01:10:09","date_gmt":"2025-02-01T00:10:09","guid":{"rendered":"https:\/\/fiskaltrust.eu\/partenaire\/"},"modified":"2026-04-13T18:49:49","modified_gmt":"2026-04-13T17:49:49","slug":"partner","status":"publish","type":"page","link":"https:\/\/fiskaltrust.eu\/fr-be\/partner\/","title":{"rendered":"Partenaire"},"content":{"rendered":"","protected":false},"excerpt":{"rendered":"","protected":false},"author":1,"featured_media":0,"parent":0,"menu_order":0,"comment_status":"closed","ping_status":"closed","template":"","meta":{"_acf_changed":false,"_seopress_robots_primary_cat":"","_seopress_titles_title":"Partenariat pour des solutions de conformit\u00e9 fiscale europ\u00e9enne","_seopress_titles_desc":"fiskaltrust travaille en partenariat avec des revendeurs de points de vente, des int\u00e9grateurs de syst\u00e8mes et des fournisseurs de solutions dans toute l'Europe. Acc\u00e9dez aux ressources des partenaires, aux outils d'int\u00e9gration et aux opportunit\u00e9s commerciales.  ","_seopress_robots_index":"","footnotes":""},"class_list":["post-9588","page","type-page","status-publish","hentry"],"acf":{"f_p_partner_hero_section":{"f_p_partner_main_title":"Comment fiskaltrust soutient ses partenaires en Belgique","f_p_partner_intro_text":"La Belgique exige la conformit\u00e9 de la fiscalisation \u00e0 travers les r\u00e8gles de la caisse enregistreuse TVA, le syst\u00e8me de bo\u00eete noire FDM certifi\u00e9 et les sp\u00e9cifications SCOR d\u00e9finies par le SPF Finances. fiskaltrust offre une couche middleware et une API open source qui supprime la complexit\u00e9 fiscale. Nous nous occupons de la signature, des t\u00e2ches de reporting et des exigences l\u00e9gales tout en offrant aux partenaires une int\u00e9gration unique pour plusieurs march\u00e9s.    "},"f_p_partner_approach_section":{"f_p_partner_approach_image":8788,"f_p_partner_approach_heading":"Notre approche de la fiscalisation belge est simple.","f_p_partner_approach_content":"Nous transposons les r\u00e8gles locales dans une configuration \u00e9volutive. Notre logiciel interm\u00e9diaire signe, scelle et archive les re\u00e7us conform\u00e9ment \u00e0 la l\u00e9gislation de chaque pays et prend en charge la Belgique, la France, l'Allemagne, l'Autriche, l'Italie, l'Espagne, le Portugal et de nombreux autres march\u00e9s.   \n\nCela r\u00e9duit la complexit\u00e9 pour vous. Vous offrez \u00e0 vos clients une solution \u00e9volutive et \u00e0 l'\u00e9preuve des audits qui s'adapte aux r\u00e9glementations locales sans reconstruire votre configuration pour chaque march\u00e9.  "},"f_p_partner_features_section":{"f_p_partner_feature_1":{"f_p_partner_feature_1_icon":8793,"f_p_partner_feature_1_heading":"Architecture Middleware Paneurop\u00e9enne","f_p_partner_feature_1_points":"<ul>\n \t<li>Fonctionne avec des unit\u00e9s de cr\u00e9ation de signature bas\u00e9es sur le mat\u00e9riel ou sur le cloud et s'int\u00e8gre \u00e0 des dispositifs fiscaux certifi\u00e9s.<\/li>\n \t<li>Configuration et surveillance centralis\u00e9es via fiskaltrust.Portal.<\/li>\n \t<li>Couvre les r\u00e8gles fiscales en Belgique, en France, en Allemagne, en Autriche, en Italie, en Espagne, au Portugal, en Pologne, en Gr\u00e8ce et plus encore.<\/li>\n \t<li>Prise en charge int\u00e9gr\u00e9e de la cr\u00e9ation de re\u00e7us, de la journalisation, de la signature, de la livraison et de l'exportation de donn\u00e9es.<\/li>\n<\/ul>"},"f_p_partner_feature_2":{"f_p_partner_feature_2_icon":8791,"f_p_partner_feature_2_heading":"Mises \u00e0 jour automatis\u00e9es de la conformit\u00e9","f_p_partner_feature_2_points":"<ul>\n \t<li>Nous suivons les modifications des r\u00e8gles fiscales par le biais de groupes de travail sectoriels et d'autorit\u00e9s telles que le SPF Finances et les administrations r\u00e9gionales.<\/li>\n \t<li>Les mises \u00e0 jour du middleware sont d\u00e9ploy\u00e9es de mani\u00e8re centralis\u00e9e, r\u00e9duisant la maintenance pour les partenaires.<\/li>\n \t<li>Les mises \u00e0 jour juridiques ne n\u00e9cessitent pas de modifications du code POS.<\/li>\n<\/ul>"},"f_p_partner_feature_3":{"f_p_partner_feature_3_icon":8792,"f_p_partner_feature_3_heading":"Int\u00e9gration Flexible","f_p_partner_feature_3_points":"<ul>\n \t<li>APIs REST et gRPC pour les d\u00e9ploiements locaux et cloud.<\/li>\n \t<li>Lanceur multiplateforme pour Windows, Linux, MacOS et Android.<\/li>\n \t<li>Int\u00e9gration facile avec les syst\u00e8mes ERP, les points de vente mobiles, les terminaux de paiement et les applications tierces.<\/li>\n<\/ul>"}},"f_p_partner_benefits_section":{"f_p_partner_benefits_heading":"Avantages pour les Partenaires Commerciaux et Distributeurs POS","f_p_partner_benefits_list":"<ul>\n \t<li>Il prend en charge les sp\u00e9cifications SCOR, les exigences de la bo\u00eete noire certifi\u00e9e FDM, l'enregistrement s\u00e9curis\u00e9 des transactions et les exportations pr\u00eates pour l'audit, tout en r\u00e9duisant le travail d'int\u00e9gration.<\/li>\n \t<li>Offre une configuration \u00e9volutive pour les entreprises multi-sites.<\/li>\n \t<li>Fournit des mises \u00e0 jour de compliance sans modifications du logiciel POS.<\/li>\n \t<li>R\u00e9duit l'effort de support gr\u00e2ce \u00e0 des processus fiscaux automatis\u00e9s.<\/li>\n \t<li>Proposez des plans freemium, bundle et entreprise avec une architecture coh\u00e9rente.<\/li>\n \t<li>Notre portail g\u00e9n\u00e8re des rapports conformes aux exigences belges, y compris les formats accept\u00e9s par le SPF Finances.<\/li>\n<\/ul>","f_p_partner_benefits_image":8790}},"wpml_current_locale":"fr-be","wpml_translations":{"en-eu":{"id":166,"locale":"en-eu","post_title":"Partner","permalink":"https:\/\/fiskaltrust.eu\/en-eu\/partner\/","status":"publish"},"it-it":{"id":3666,"locale":"it-it","post_title":"Partner","permalink":"https:\/\/fiskaltrust.eu\/it-it\/partner\/","status":"publish"},"pt-pt":{"id":3667,"locale":"pt-pt","post_title":"Parceiro","permalink":"https:\/\/fiskaltrust.eu\/pt-pt\/partner\/","status":"publish"},"es-es":{"id":3668,"locale":"es-es","post_title":"Socio","permalink":"https:\/\/fiskaltrust.eu\/es-es\/partner\/","status":"publish"},"de-de":{"id":3746,"locale":"de-de","post_title":"Partner","permalink":"https:\/\/fiskaltrust.eu\/de-de\/partner\/","status":"publish"},"de-at":{"id":3758,"locale":"de-at","post_title":"Partner","permalink":"https:\/\/fiskaltrust.eu\/de-at\/partner\/","status":"publish"},"fr-fr":{"id":7754,"locale":"fr-fr","post_title":"Partenaire","permalink":"https:\/\/fiskaltrust.eu\/fr-fr\/partner\/","status":"publish"},"en-at":{"id":7830,"locale":"en-at","post_title":"Partner","permalink":"https:\/\/fiskaltrust.eu\/en-at\/partner\/","status":"publish"},"en-fr":{"id":7863,"locale":"en-fr","post_title":"Partner","permalink":"https:\/\/fiskaltrust.eu\/en-fr\/partner\/","status":"publish"},"en-de":{"id":7838,"locale":"en-de","post_title":"Partner","permalink":"https:\/\/fiskaltrust.eu\/en-de\/partner\/","status":"publish"},"en-it":{"id":7844,"locale":"en-it","post_title":"Partner","permalink":"https:\/\/fiskaltrust.eu\/en-it\/partner\/","status":"publish"},"en-es":{"id":7850,"locale":"en-es","post_title":"Partner","permalink":"https:\/\/fiskaltrust.eu\/en-es\/partner\/","status":"publish"},"en-pt":{"id":7857,"locale":"en-pt","post_title":"Partner","permalink":"https:\/\/fiskaltrust.eu\/en-pt\/partner\/","status":"publish"},"da-dk":{"id":8796,"locale":"da-dk","post_title":"Partner","permalink":"https:\/\/fiskaltrust.eu\/da-dk\/partner\/","status":"publish"},"pl-pl":{"id":8795,"locale":"pl-pl","post_title":"Partner","permalink":"https:\/\/fiskaltrust.eu\/pl-pl\/partner\/","status":"publish"},"en-be":{"id":9578,"locale":"en-be","post_title":"Partner","permalink":"https:\/\/fiskaltrust.eu\/en-be\/partner\/","status":"publish"},"fr-be":{"id":9588,"locale":"fr-be","post_title":"Partenaire","permalink":"https:\/\/fiskaltrust.eu\/fr-be\/partner\/","status":"publish"},"en-gr":{"id":9598,"locale":"en-gr","post_title":"Partner","permalink":"https:\/\/fiskaltrust.eu\/en-gr\/partner\/","status":"publish"},"el-gr":{"id":9622,"locale":"el-gr","post_title":"\u03a3\u03c5\u03bd\u03b5\u03c1\u03b3\u03ac\u03c4\u03b7\u03c2","permalink":"https:\/\/fiskaltrust.eu\/el-gr\/partner\/","status":"publish"}},"wpml_trid":"157","_links":{"self":[{"href":"https:\/\/fiskaltrust.eu\/fr-be\/wp-json\/wp\/v2\/pages\/9588","targetHints":{"allow":["GET"]}}],"collection":[{"href":"https:\/\/fiskaltrust.eu\/fr-be\/wp-json\/wp\/v2\/pages"}],"about":[{"href":"https:\/\/fiskaltrust.eu\/fr-be\/wp-json\/wp\/v2\/types\/page"}],"author":[{"embeddable":true,"href":"https:\/\/fiskaltrust.eu\/fr-be\/wp-json\/wp\/v2\/users\/1"}],"replies":[{"embeddable":true,"href":"https:\/\/fiskaltrust.eu\/fr-be\/wp-json\/wp\/v2\/comments?post=9588"}],"version-history":[{"count":1,"href":"https:\/\/fiskaltrust.eu\/fr-be\/wp-json\/wp\/v2\/pages\/9588\/revisions"}],"predecessor-version":[{"id":9589,"href":"https:\/\/fiskaltrust.eu\/fr-be\/wp-json\/wp\/v2\/pages\/9588\/revisions\/9589"}],"wp:attachment":[{"href":"https:\/\/fiskaltrust.eu\/fr-be\/wp-json\/wp\/v2\/media?parent=9588"}],"curies":[{"name":"wp","href":"https:\/\/api.w.org\/{rel}","templated":true}]}}