{"id":2374,"date":"2025-02-01T00:54:44","date_gmt":"2025-01-31T23:54:44","guid":{"rendered":"https:\/\/fiskaltrust.eu\/home-fr-fr\/"},"modified":"2026-01-19T17:01:32","modified_gmt":"2026-01-19T16:01:32","slug":"home-fr-fr","status":"publish","type":"page","link":"https:\/\/fiskaltrust.eu\/fr-fr\/","title":{"rendered":"fisktaltrust home"},"content":{"rendered":"","protected":false},"excerpt":{"rendered":"","protected":false},"author":1,"featured_media":0,"parent":0,"menu_order":0,"comment_status":"closed","ping_status":"closed","template":"","meta":{"_acf_changed":false,"_seopress_robots_primary_cat":"","_seopress_titles_title":"Simplifier la conformit\u00e9 fiscale pour les entreprises en Europe","_seopress_titles_desc":"fiskaltrust fournit un service de conformit\u00e9 pour les entreprises europ\u00e9ennes. Notre int\u00e9gration des points de vente et nos logiciels interm\u00e9diaires permettent des transactions s\u00e9curis\u00e9es, des rapports en temps r\u00e9el et la conformit\u00e9 fiscale. ","_seopress_robots_index":"","footnotes":""},"class_list":["post-2374","page","type-page","status-publish","hentry"],"acf":{"fhome_group_country_content_01":{"fhome_heading_country_content_01":"Conformit\u00e9","fhome_content_country_content_01":"La France applique des r\u00e8gles sp\u00e9cifiques pour la certification des caisses enregistreuses et des exigences strictes en mati\u00e8re d'int\u00e9grit\u00e9 des donn\u00e9es. Le stack Compliance prend en charge la norme NF525 et les exigences associ\u00e9es, notamment la signature des tickets, la num\u00e9rotation, les pistes d'audit, les exports de donn\u00e9es et l'archivage \u00e0 long terme. Les partenaires d'int\u00e9gration utilisent cette configuration pour aligner leur logiciel sur les r\u00e8gles de certification et \u00e9viter des retouches co\u00fbteuses.  ","fhome_image_country_content_01":6325},"fhome_group_country_content_2":{"fhome_heading_country_content_02":"Exp\u00e9rience","fhome_content_country_content_02":"Le stack Experience propose des tickets d\u00e9mat\u00e9rialis\u00e9s, des mises en page de tickets, la capture de feedback, des points de contact client et des int\u00e9grations de paiement. Les commer\u00e7ants utilisent ces fonctionnalit\u00e9s pour simplifier leurs op\u00e9rations quotidiennes et offrir aux clients des options de tickets plus claires. Cette combinaison offre une base solide pour la conformit\u00e9 en France et un moyen pratique d'am\u00e9liorer le parcours client.  ","fhome_image_country_content_02":6326}},"wpml_current_locale":"fr-fr","wpml_translations":{"en-eu":{"id":115,"locale":"en-eu","post_title":"fisktaltrust home","permalink":"https:\/\/fiskaltrust.eu\/en-eu\/home-eu-en\/","status":"publish"},"fr-fr":{"id":2374,"locale":"fr-fr","post_title":"fisktaltrust home","permalink":"https:\/\/fiskaltrust.eu\/fr-fr\/","status":"publish"},"es-es":{"id":2455,"locale":"es-es","post_title":"fisktaltrust inicio","permalink":"https:\/\/fiskaltrust.eu\/es-es\/home-es-es\/","status":"publish"},"pt-pt":{"id":2479,"locale":"pt-pt","post_title":"fisktaltrust home","permalink":"https:\/\/fiskaltrust.eu\/pt-pt\/home-eu-en\/","status":"publish"},"it-it":{"id":2527,"locale":"it-it","post_title":"fisktaltrust home","permalink":"https:\/\/fiskaltrust.eu\/it-it\/home-it-it\/","status":"publish"},"de-de":{"id":3686,"locale":"de-de","post_title":"fisktaltrust home","permalink":"https:\/\/fiskaltrust.eu\/de-de\/home-eu-en\/","status":"publish"},"de-at":{"id":3696,"locale":"de-at","post_title":"fisktaltrust home","permalink":"https:\/\/fiskaltrust.eu\/de-at\/home-eu-en\/","status":"publish"},"en-at":{"id":7811,"locale":"en-at","post_title":"fisktaltrust home","permalink":"https:\/\/fiskaltrust.eu\/en-at\/home-eu-en\/","status":"publish"},"en-fr":{"id":7814,"locale":"en-fr","post_title":"fisktaltrust home","permalink":"https:\/\/fiskaltrust.eu\/en-fr\/home-eu-en\/","status":"publish"},"en-de":{"id":7817,"locale":"en-de","post_title":"fisktaltrust home","permalink":"https:\/\/fiskaltrust.eu\/en-de\/home-eu-en\/","status":"publish"},"en-it":{"id":7820,"locale":"en-it","post_title":"fisktaltrust home","permalink":"https:\/\/fiskaltrust.eu\/en-it\/home-eu-en\/","status":"publish"},"en-pt":{"id":7823,"locale":"en-pt","post_title":"fisktaltrust home","permalink":"https:\/\/fiskaltrust.eu\/en-pt\/home-eu-en\/","status":"publish"},"en-es":{"id":7826,"locale":"en-es","post_title":"fisktaltrust home","permalink":"https:\/\/fiskaltrust.eu\/en-es\/home-eu-en\/","status":"publish"},"da-dk":{"id":8496,"locale":"da-dk","post_title":"fisktaltrust home DK","permalink":"https:\/\/fiskaltrust.eu\/da-dk\/home-eu-en-2\/","status":"publish"},"pl-pl":{"id":8643,"locale":"pl-pl","post_title":"fisktaltrust home","permalink":"https:\/\/fiskaltrust.eu\/pl-pl\/home-eu-en-2\/","status":"publish"},"en-be":{"id":9572,"locale":"en-be","post_title":"fisktaltrust home","permalink":"https:\/\/fiskaltrust.eu\/en-be\/home-eu-en-2\/","status":"publish"},"fr-be":{"id":9585,"locale":"fr-be","post_title":"fisktaltrust home","permalink":"https:\/\/fiskaltrust.eu\/fr-be\/home-eu-en-2\/","status":"publish"},"en-gr":{"id":9592,"locale":"en-gr","post_title":"fisktaltrust home","permalink":"https:\/\/fiskaltrust.eu\/en-gr\/home-eu-en-2\/","status":"publish"},"el-gr":{"id":9620,"locale":"el-gr","post_title":"fisktaltrust home","permalink":"https:\/\/fiskaltrust.eu\/el-gr\/home-eu-en-2\/","status":"publish"}},"wpml_trid":"144","_links":{"self":[{"href":"https:\/\/fiskaltrust.eu\/fr-fr\/wp-json\/wp\/v2\/pages\/2374","targetHints":{"allow":["GET"]}}],"collection":[{"href":"https:\/\/fiskaltrust.eu\/fr-fr\/wp-json\/wp\/v2\/pages"}],"about":[{"href":"https:\/\/fiskaltrust.eu\/fr-fr\/wp-json\/wp\/v2\/types\/page"}],"author":[{"embeddable":true,"href":"https:\/\/fiskaltrust.eu\/fr-fr\/wp-json\/wp\/v2\/users\/1"}],"replies":[{"embeddable":true,"href":"https:\/\/fiskaltrust.eu\/fr-fr\/wp-json\/wp\/v2\/comments?post=2374"}],"version-history":[{"count":1,"href":"https:\/\/fiskaltrust.eu\/fr-fr\/wp-json\/wp\/v2\/pages\/2374\/revisions"}],"predecessor-version":[{"id":7785,"href":"https:\/\/fiskaltrust.eu\/fr-fr\/wp-json\/wp\/v2\/pages\/2374\/revisions\/7785"}],"wp:attachment":[{"href":"https:\/\/fiskaltrust.eu\/fr-fr\/wp-json\/wp\/v2\/media?parent=2374"}],"curies":[{"name":"wp","href":"https:\/\/api.w.org\/{rel}","templated":true}]}}