{"id":2527,"date":"2025-02-01T00:54:44","date_gmt":"2025-01-31T23:54:44","guid":{"rendered":"https:\/\/fiskaltrust.eu\/home-it-it\/"},"modified":"2026-01-19T17:02:37","modified_gmt":"2026-01-19T16:02:37","slug":"home-it-it","status":"publish","type":"page","link":"https:\/\/fiskaltrust.eu\/it-it\/","title":{"rendered":"fisktaltrust home"},"content":{"rendered":"","protected":false},"excerpt":{"rendered":"","protected":false},"author":1,"featured_media":0,"parent":0,"menu_order":0,"comment_status":"closed","ping_status":"closed","template":"","meta":{"_acf_changed":false,"_seopress_robots_primary_cat":"","_seopress_titles_title":"Semplificare la conformit\u00e0 fiscale per le aziende in tutta Europa","_seopress_titles_desc":"fiskaltrust offre un servizio di Compliance-as-a-Service per le aziende europee. La nostra integrazione POS e il nostro middleware consentono transazioni sicure, reportistica in tempo reale e conformit\u00e0 fiscale. ","_seopress_robots_index":"","footnotes":""},"class_list":["post-2527","page","type-page","status-publish","hentry"],"acf":{"fhome_group_country_content_01":{"fhome_heading_country_content_01":"Conformit\u00e0","fhome_content_country_content_01":"L'Italia segue regole fiscali dettagliate definite dall'Agenzia delle Entrate e dal Ministero dell'Economia e delle Finanze. Lo stack Compliance supporta questi requisiti con firma degli scontrini, numerazione, audit trail e archiviazione a lungo termine in linea con le linee guida nazionali. I partner di integrazione utilizzano queste funzioni per mantenere i propri sistemi POS conformi senza aggiungere lavoro extra.  ","fhome_image_country_content_01":6315},"fhome_group_country_content_2":{"fhome_heading_country_content_02":"Esperienza","fhome_content_country_content_02":"Lo stack Experience supporta scontrini digitali, layout degli scontrini, opzioni di feedback, touchpoint clienti e integrazioni di pagamento. I commercianti utilizzano queste funzionalit\u00e0 per semplificare le operazioni quotidiane e offrire un checkout pi\u00f9 fluido. La combinazione offre a partner e commercianti in Italia una base solida per la conformit\u00e0 e un modo semplice per migliorare l'esperienza in negozio.  ","fhome_image_country_content_02":6316}},"wpml_current_locale":"it-it","wpml_translations":{"en-eu":{"id":115,"locale":"en-eu","post_title":"fisktaltrust home","permalink":"https:\/\/fiskaltrust.eu\/en-eu\/home-eu-en\/","status":"publish"},"fr-fr":{"id":2374,"locale":"fr-fr","post_title":"fisktaltrust home","permalink":"https:\/\/fiskaltrust.eu\/fr-fr\/home-fr-fr\/","status":"publish"},"es-es":{"id":2455,"locale":"es-es","post_title":"fisktaltrust inicio","permalink":"https:\/\/fiskaltrust.eu\/es-es\/home-es-es\/","status":"publish"},"pt-pt":{"id":2479,"locale":"pt-pt","post_title":"fisktaltrust home","permalink":"https:\/\/fiskaltrust.eu\/pt-pt\/home-eu-en\/","status":"publish"},"it-it":{"id":2527,"locale":"it-it","post_title":"fisktaltrust home","permalink":"https:\/\/fiskaltrust.eu\/it-it\/","status":"publish"},"de-de":{"id":3686,"locale":"de-de","post_title":"fisktaltrust home","permalink":"https:\/\/fiskaltrust.eu\/de-de\/home-eu-en\/","status":"publish"},"de-at":{"id":3696,"locale":"de-at","post_title":"fisktaltrust home","permalink":"https:\/\/fiskaltrust.eu\/de-at\/home-eu-en\/","status":"publish"},"en-at":{"id":7811,"locale":"en-at","post_title":"fisktaltrust home","permalink":"https:\/\/fiskaltrust.eu\/en-at\/home-eu-en\/","status":"publish"},"en-fr":{"id":7814,"locale":"en-fr","post_title":"fisktaltrust home","permalink":"https:\/\/fiskaltrust.eu\/en-fr\/home-eu-en\/","status":"publish"},"en-de":{"id":7817,"locale":"en-de","post_title":"fisktaltrust home","permalink":"https:\/\/fiskaltrust.eu\/en-de\/home-eu-en\/","status":"publish"},"en-it":{"id":7820,"locale":"en-it","post_title":"fisktaltrust home","permalink":"https:\/\/fiskaltrust.eu\/en-it\/home-eu-en\/","status":"publish"},"en-pt":{"id":7823,"locale":"en-pt","post_title":"fisktaltrust home","permalink":"https:\/\/fiskaltrust.eu\/en-pt\/home-eu-en\/","status":"publish"},"en-es":{"id":7826,"locale":"en-es","post_title":"fisktaltrust home","permalink":"https:\/\/fiskaltrust.eu\/en-es\/home-eu-en\/","status":"publish"},"da-dk":{"id":8496,"locale":"da-dk","post_title":"fisktaltrust home DK","permalink":"https:\/\/fiskaltrust.eu\/da-dk\/home-eu-en-2\/","status":"publish"},"pl-pl":{"id":8643,"locale":"pl-pl","post_title":"fisktaltrust home","permalink":"https:\/\/fiskaltrust.eu\/pl-pl\/home-eu-en-2\/","status":"publish"},"en-be":{"id":9572,"locale":"en-be","post_title":"fisktaltrust home","permalink":"https:\/\/fiskaltrust.eu\/en-be\/home-eu-en-2\/","status":"publish"},"fr-be":{"id":9585,"locale":"fr-be","post_title":"fisktaltrust home","permalink":"https:\/\/fiskaltrust.eu\/fr-be\/home-eu-en-2\/","status":"publish"},"en-gr":{"id":9592,"locale":"en-gr","post_title":"fisktaltrust home","permalink":"https:\/\/fiskaltrust.eu\/en-gr\/home-eu-en-2\/","status":"publish"},"el-gr":{"id":9620,"locale":"el-gr","post_title":"fisktaltrust home","permalink":"https:\/\/fiskaltrust.eu\/el-gr\/home-eu-en-2\/","status":"publish"}},"wpml_trid":"144","_links":{"self":[{"href":"https:\/\/fiskaltrust.eu\/it-it\/wp-json\/wp\/v2\/pages\/2527","targetHints":{"allow":["GET"]}}],"collection":[{"href":"https:\/\/fiskaltrust.eu\/it-it\/wp-json\/wp\/v2\/pages"}],"about":[{"href":"https:\/\/fiskaltrust.eu\/it-it\/wp-json\/wp\/v2\/types\/page"}],"author":[{"embeddable":true,"href":"https:\/\/fiskaltrust.eu\/it-it\/wp-json\/wp\/v2\/users\/1"}],"replies":[{"embeddable":true,"href":"https:\/\/fiskaltrust.eu\/it-it\/wp-json\/wp\/v2\/comments?post=2527"}],"version-history":[{"count":1,"href":"https:\/\/fiskaltrust.eu\/it-it\/wp-json\/wp\/v2\/pages\/2527\/revisions"}],"predecessor-version":[{"id":7788,"href":"https:\/\/fiskaltrust.eu\/it-it\/wp-json\/wp\/v2\/pages\/2527\/revisions\/7788"}],"wp:attachment":[{"href":"https:\/\/fiskaltrust.eu\/it-it\/wp-json\/wp\/v2\/media?parent=2527"}],"curies":[{"name":"wp","href":"https:\/\/api.w.org\/{rel}","templated":true}]}}