{"id":2479,"date":"2025-02-01T00:54:44","date_gmt":"2025-01-31T23:54:44","guid":{"rendered":"https:\/\/fiskaltrust.eu\/home-pt-pt\/"},"modified":"2026-01-19T17:05:03","modified_gmt":"2026-01-19T16:05:03","slug":"home-eu-en","status":"publish","type":"page","link":"https:\/\/fiskaltrust.eu\/pt-pt\/","title":{"rendered":"fisktaltrust home"},"content":{"rendered":"","protected":false},"excerpt":{"rendered":"","protected":false},"author":1,"featured_media":0,"parent":0,"menu_order":0,"comment_status":"closed","ping_status":"closed","template":"","meta":{"_acf_changed":false,"_seopress_robots_primary_cat":"","_seopress_titles_title":"Simplificando a conformidade fiscal para empresas em toda a Europa","_seopress_titles_desc":"A fiskaltrust fornece Compliance-as-a-Service para empresas europeias. A nossa integra\u00e7\u00e3o de POS e middleware permite transac\u00e7\u00f5es seguras, relat\u00f3rios em tempo real e conformidade fiscal. ","_seopress_robots_index":"","footnotes":""},"class_list":["post-2479","page","type-page","status-publish","hentry"],"acf":{"fhome_group_country_content_01":{"fhome_heading_country_content_01":"Conformidade","fhome_content_country_content_01":"Portugal segue regras fiscais definidas pela Autoridade Tribut\u00e1ria e Aduaneira para sistemas POS certificados e tratamento de recibos. O stack de Compliance suporta estes requisitos com assinatura de recibos, numera\u00e7\u00e3o, trilhos de auditoria e arquivamento a longo prazo em conformidade com as diretrizes nacionais. Os parceiros de integra\u00e7\u00e3o utilizam estas fun\u00e7\u00f5es para manter os seus sistemas POS em conformidade com menos trabalho cont\u00ednuo.  ","fhome_image_country_content_01":6333},"fhome_group_country_content_2":{"fhome_heading_country_content_02":"Experi\u00eancia","fhome_content_country_content_02":"O stack de Experience suporta recibos digitais, layouts de recibos, op\u00e7\u00f5es de feedback, pontos de contacto com o cliente e integra\u00e7\u00f5es de pagamento. Os comerciantes utilizam estas funcionalidades para simplificar as tarefas di\u00e1rias e oferecer um checkout mais fluido. A combina\u00e7\u00e3o oferece a parceiros e comerciantes em Portugal uma base s\u00f3lida para conformidade e uma forma simples de melhorar a experi\u00eancia em loja.  ","fhome_image_country_content_02":6334}},"wpml_current_locale":"pt-pt","wpml_translations":{"en-eu":{"id":115,"locale":"en-eu","post_title":"fisktaltrust home","permalink":"https:\/\/fiskaltrust.eu\/en-eu\/home-eu-en\/","status":"publish"},"fr-fr":{"id":2374,"locale":"fr-fr","post_title":"fisktaltrust home","permalink":"https:\/\/fiskaltrust.eu\/fr-fr\/home-fr-fr\/","status":"publish"},"es-es":{"id":2455,"locale":"es-es","post_title":"fisktaltrust inicio","permalink":"https:\/\/fiskaltrust.eu\/es-es\/home-es-es\/","status":"publish"},"pt-pt":{"id":2479,"locale":"pt-pt","post_title":"fisktaltrust home","permalink":"https:\/\/fiskaltrust.eu\/pt-pt\/","status":"publish"},"it-it":{"id":2527,"locale":"it-it","post_title":"fisktaltrust home","permalink":"https:\/\/fiskaltrust.eu\/it-it\/home-it-it\/","status":"publish"},"de-de":{"id":3686,"locale":"de-de","post_title":"fisktaltrust home","permalink":"https:\/\/fiskaltrust.eu\/de-de\/home-eu-en\/","status":"publish"},"de-at":{"id":3696,"locale":"de-at","post_title":"fisktaltrust home","permalink":"https:\/\/fiskaltrust.eu\/de-at\/home-eu-en\/","status":"publish"},"en-at":{"id":7811,"locale":"en-at","post_title":"fisktaltrust home","permalink":"https:\/\/fiskaltrust.eu\/en-at\/home-eu-en\/","status":"publish"},"en-fr":{"id":7814,"locale":"en-fr","post_title":"fisktaltrust home","permalink":"https:\/\/fiskaltrust.eu\/en-fr\/home-eu-en\/","status":"publish"},"en-de":{"id":7817,"locale":"en-de","post_title":"fisktaltrust home","permalink":"https:\/\/fiskaltrust.eu\/en-de\/home-eu-en\/","status":"publish"},"en-it":{"id":7820,"locale":"en-it","post_title":"fisktaltrust home","permalink":"https:\/\/fiskaltrust.eu\/en-it\/home-eu-en\/","status":"publish"},"en-pt":{"id":7823,"locale":"en-pt","post_title":"fisktaltrust home","permalink":"https:\/\/fiskaltrust.eu\/en-pt\/home-eu-en\/","status":"publish"},"en-es":{"id":7826,"locale":"en-es","post_title":"fisktaltrust home","permalink":"https:\/\/fiskaltrust.eu\/en-es\/home-eu-en\/","status":"publish"},"da-dk":{"id":8496,"locale":"da-dk","post_title":"fisktaltrust home DK","permalink":"https:\/\/fiskaltrust.eu\/da-dk\/home-eu-en-2\/","status":"publish"},"pl-pl":{"id":8643,"locale":"pl-pl","post_title":"fisktaltrust home","permalink":"https:\/\/fiskaltrust.eu\/pl-pl\/home-eu-en-2\/","status":"publish"},"en-be":{"id":9572,"locale":"en-be","post_title":"fisktaltrust home","permalink":"https:\/\/fiskaltrust.eu\/en-be\/home-eu-en-2\/","status":"publish"},"fr-be":{"id":9585,"locale":"fr-be","post_title":"fisktaltrust home","permalink":"https:\/\/fiskaltrust.eu\/fr-be\/home-eu-en-2\/","status":"publish"},"en-gr":{"id":9592,"locale":"en-gr","post_title":"fisktaltrust home","permalink":"https:\/\/fiskaltrust.eu\/en-gr\/home-eu-en-2\/","status":"publish"},"el-gr":{"id":9620,"locale":"el-gr","post_title":"fisktaltrust home","permalink":"https:\/\/fiskaltrust.eu\/el-gr\/home-eu-en-2\/","status":"publish"}},"wpml_trid":"144","_links":{"self":[{"href":"https:\/\/fiskaltrust.eu\/pt-pt\/wp-json\/wp\/v2\/pages\/2479","targetHints":{"allow":["GET"]}}],"collection":[{"href":"https:\/\/fiskaltrust.eu\/pt-pt\/wp-json\/wp\/v2\/pages"}],"about":[{"href":"https:\/\/fiskaltrust.eu\/pt-pt\/wp-json\/wp\/v2\/types\/page"}],"author":[{"embeddable":true,"href":"https:\/\/fiskaltrust.eu\/pt-pt\/wp-json\/wp\/v2\/users\/1"}],"replies":[{"embeddable":true,"href":"https:\/\/fiskaltrust.eu\/pt-pt\/wp-json\/wp\/v2\/comments?post=2479"}],"version-history":[{"count":1,"href":"https:\/\/fiskaltrust.eu\/pt-pt\/wp-json\/wp\/v2\/pages\/2479\/revisions"}],"predecessor-version":[{"id":7787,"href":"https:\/\/fiskaltrust.eu\/pt-pt\/wp-json\/wp\/v2\/pages\/2479\/revisions\/7787"}],"wp:attachment":[{"href":"https:\/\/fiskaltrust.eu\/pt-pt\/wp-json\/wp\/v2\/media?parent=2479"}],"curies":[{"name":"wp","href":"https:\/\/api.w.org\/{rel}","templated":true}]}}